{"id":40,"date":"2025-11-29T03:50:26","date_gmt":"2025-11-29T03:50:26","guid":{"rendered":"https:\/\/feldhaus-consulting.ch\/?page_id=40"},"modified":"2025-11-29T03:50:26","modified_gmt":"2025-11-29T03:50:26","slug":"landingpage-feldhaus-consulting-ch_de","status":"publish","type":"page","link":"https:\/\/feldhaus-consulting.ch\/","title":{"rendered":"Landingpage feldhaus-consulting.ch_DE"},"content":{"rendered":"\n<div class=\"wp-block-group has-global-padding is-layout-constrained wp-container-core-group-is-layout-d1003a84 wp-block-group-is-layout-constrained\" style=\"border-style:none;border-width:0px;min-height:0px;padding-top:0;padding-bottom:0\">\n<div class=\"wp-block-group has-global-padding is-layout-constrained wp-block-group-is-layout-constrained\">\n<h1 class=\"wp-block-heading has-text-align-center\"><strong>Ihre Unternehmensberatung f\u00fcr Gesch\u00e4ftsentwicklung, F\u00fchrung &amp; Strategie.<\/strong><\/h1>\n\n\n\n<div style=\"height:10px\" aria-hidden=\"true\" class=\"wp-block-spacer\"><\/div>\n\n\n\n<h4 class=\"wp-block-heading has-text-align-center has-medium-font-size\">Feldhaus Consulting fokussiert sich auf KMUs und unterst\u00fctzt Sie bei Gesch\u00e4ftsentwicklungen, Strategie, Projektmanagement sowie Technologie- &amp; Produktentwicklung. Lassen Sie sich von unserem Leistungsportfolio \u00fcberzeugen.<\/h4>\n\n\n\n<div style=\"height:50px\" aria-hidden=\"true\" class=\"wp-block-spacer\"><\/div>\n\n\n\n<div class=\"wp-block-buttons is-content-justification-center is-layout-flex wp-container-core-buttons-is-layout-9d0ad828 wp-block-buttons-is-layout-flex\" style=\"padding-top:0;padding-bottom:0\">\n<div class=\"wp-block-button is-style-fill\"><a class=\"wp-block-button__link has-base-color has-text-color has-background has-link-color has-text-align-center wp-element-button\" href=\"mailto:info@feldhaus-consulting.ch?subject=Unverbindliche%20Anfrage&amp;body=Guten%20Tag%20Herr%20Feldhaus,%0D%0A%0D%0AIch%20interessiere%20mich%20f\u00fcr%20Ihre%20Beratungsleistungen%20und%20w\u00fcrde%20gerne%20mehr%20erfahren.%0D%0A%0D%0AMit%20freundlichen%20Gr\u00fcssen,%0D%0A[Ihr%20Name]\" style=\"background-color:#0175da\">Unverbindlich anfragen<\/a><\/div>\n<\/div>\n<\/div>\n<\/div>\n\n\n\n<div style=\"height:150px\" aria-hidden=\"true\" class=\"wp-block-spacer\"><\/div>\n\n\n\n<div class=\"wp-block-group has-global-padding is-layout-constrained wp-block-group-is-layout-constrained\">\n<h2 class=\"wp-block-heading has-text-align-center\"><strong>Unternehmen brauchen<br>Klarheit und Struktur<\/strong><\/h2>\n\n\n\n<div style=\"height:50px\" aria-hidden=\"true\" class=\"wp-block-spacer\"><\/div>\n\n\n\n<p class=\"has-text-align-center has-medium-font-size\">Viele KMU verlieren Zeit und Effizienz, weil Prozesse, Verantwortlichkeiten und Strategien unklar sind. Wir schaffen Ordnung, Strukturen und Orientierung \u2013 damit Ihr Unternehmen wachsen kann und Sie Ihr Unternehmen profitabel gestalten k\u00f6nnen.<\/p>\n\n\n\n<div style=\"height:50px\" aria-hidden=\"true\" class=\"wp-block-spacer\"><\/div>\n\n\n\n<div class=\"wp-block-group has-global-padding is-layout-constrained wp-block-group-is-layout-constrained\">\n<div class=\"wp-block-columns has-base-color has-text-color has-link-color wp-elements-26710c03ab9192c8198cf9acea56ed0d is-layout-flex wp-container-core-columns-is-layout-7149cf97 wp-block-columns-is-layout-flex\" style=\"border-radius:0px;margin-top:0;margin-bottom:0;padding-right:0;padding-left:0\">\n<div class=\"wp-block-column has-background is-layout-flow wp-block-column-is-layout-flow\" style=\"border-radius:15px;background-color:#0175da;padding-top:var(--wp--preset--spacing--20);padding-right:var(--wp--preset--spacing--20);padding-bottom:var(--wp--preset--spacing--20);padding-left:var(--wp--preset--spacing--20)\">\n<h3 class=\"wp-block-heading\">Sie haben eine neue Gesch\u00e4ftsidee?<br><br><\/h3>\n\n\n\n<p class=\"has-medium-font-size\">Wir bieten ein Konzept von der Analyse Ihres Wettbewerbs bis hin zur Implementierung von Gesch\u00e4fts-bereichen in Ihrem Unternehmen an.<\/p>\n\n\n\n<p class=\"has-text-align-center\"><strong>Lassen Sie sich von uns \u00fcberzeugen!<\/strong><\/p>\n<\/div>\n\n\n\n<div class=\"wp-block-column has-background is-layout-flow wp-block-column-is-layout-flow\" style=\"border-radius:15px;background-color:#0175da;padding-top:var(--wp--preset--spacing--20);padding-right:var(--wp--preset--spacing--20);padding-bottom:var(--wp--preset--spacing--20);padding-left:var(--wp--preset--spacing--20)\">\n<h3 class=\"wp-block-heading\">Sie m\u00f6chten Ihr Unternehmen zukunftsgerichtet aufstellen?<br><\/h3>\n\n\n\n<p class=\"has-medium-font-size\">Wir analysieren Ihr Portfolio und beraten Sie im Umbau des Unternehmens um auch in Zukunft erfolgreich am Markt agieren zu k\u00f6nnen.<\/p>\n\n\n\n<p class=\"has-text-align-center\"><strong>Lassen Sie sich von uns \u00fcberzeugen!<\/strong><\/p>\n<\/div>\n\n\n\n<div class=\"wp-block-column is-style-default has-background is-layout-flow wp-block-column-is-layout-flow\" style=\"border-radius:15px;background-color:#0175da;padding-top:var(--wp--preset--spacing--20);padding-right:var(--wp--preset--spacing--20);padding-bottom:var(--wp--preset--spacing--20);padding-left:var(--wp--preset--spacing--20)\">\n<h3 class=\"wp-block-heading\">Sie haben das Gef\u00fchl das Ihre Entwicklung schneller sein sollte?<\/h3>\n\n\n\n<p class=\"has-medium-font-size\">Wir bieten Ihnen eine Analyse zur Optimierung der Entwicklungszeit und begleiten Sie auf dem Weg bis zum Ende der Entwicklung.<\/p>\n\n\n\n<p class=\"has-text-align-center\"><strong>Lassen Sie sich von uns \u00fcberzeugen!<\/strong><\/p>\n<\/div>\n<\/div>\n<\/div>\n\n\n\n<div style=\"height:50px\" aria-hidden=\"true\" class=\"wp-block-spacer\"><\/div>\n\n\n\n<div class=\"wp-block-buttons is-content-justification-center is-layout-flex wp-container-core-buttons-is-layout-9d0ad828 wp-block-buttons-is-layout-flex\" style=\"padding-top:0;padding-bottom:0\">\n<div class=\"wp-block-button is-style-fill\"><a class=\"wp-block-button__link has-base-color has-text-color has-background has-link-color has-text-align-center wp-element-button\" href=\"mailto:info@feldhaus-consulting.ch?subject=Unverbindliche%20Anfrage&amp;body=Guten%20Tag%20Herr%20Feldhaus,%0D%0A%0D%0AIch%20interessiere%20mich%20f\u00fcr%20Ihre%20Beratungsleistungen%20und%20w\u00fcrde%20gerne%20mehr%20erfahren.%0D%0A%0D%0AMit%20freundlichen%20Gr\u00fcssen,%0D%0A[Ihr%20Name]\" style=\"background-color:#0175da\">Unverbindlich anfragen<\/a><\/div>\n<\/div>\n<\/div>\n\n\n\n<div style=\"height:150px\" aria-hidden=\"true\" class=\"wp-block-spacer\"><\/div>\n\n\n\n<div class=\"wp-block-group has-global-padding is-layout-constrained wp-block-group-is-layout-constrained\">\n<h2 class=\"wp-block-heading has-text-align-center\"><strong>Unsere Beratungsfelder<\/strong><\/h2>\n\n\n\n<div style=\"height:50px\" aria-hidden=\"true\" class=\"wp-block-spacer\"><\/div>\n\n\n\n<h3 class=\"wp-block-heading\"><span style=\"text-decoration: underline;\">Gesch\u00e4ftsaufbau und Erweiterung<\/span><\/h3>\n\n\n\n<p class=\"has-medium-font-size\">Wir begleiten Sie beim Aufbau effizienter Strukturen mit dazugeh\u00f6rigen Prozessen. Wir gestalten Ihre Zukunft mit Ihnen zusammen.<\/p>\n\n\n\n<div style=\"height:25px\" aria-hidden=\"true\" class=\"wp-block-spacer\"><\/div>\n\n\n\n<h3 class=\"wp-block-heading\"><span style=\"text-decoration: underline;\">Strategie &amp; F\u00fchrung<\/span><\/h3>\n\n\n\n<p class=\"has-medium-font-size\">Klarheit, Fokus und messbare Ergebnisse f\u00fcr Ihr Unternehmen. Mit gezielter Methodenkompetenz unterst\u00fctzen wir Sie in Ihrem Unternehmen Klarheit zu schaffen.<\/p>\n\n\n\n<div style=\"height:25px\" aria-hidden=\"true\" class=\"wp-block-spacer\"><\/div>\n\n\n\n<h3 class=\"wp-block-heading\"><span style=\"text-decoration: underline;\">Projektmanagement &amp; Technologie<\/span><\/h3>\n\n\n\n<p class=\"has-medium-font-size\">Von der Planung bis zur Umsetzung \u2013 wir machen Projekte erfolgreich. Ihr Erfolg ist unsere Mission.<\/p>\n\n\n\n<div style=\"height:50px\" aria-hidden=\"true\" class=\"wp-block-spacer\"><\/div>\n\n\n\n<div class=\"wp-block-buttons is-content-justification-center is-layout-flex wp-container-core-buttons-is-layout-9d0ad828 wp-block-buttons-is-layout-flex\" style=\"padding-top:0;padding-bottom:0\">\n<div class=\"wp-block-button is-style-fill\"><a class=\"wp-block-button__link has-base-color has-text-color has-background has-link-color has-text-align-center wp-element-button\" href=\"mailto:info@feldhaus-consulting.ch?subject=Unverbindliche%20Anfrage&amp;body=Guten%20Tag%20Herr%20Feldhaus,%0D%0A%0D%0AIch%20interessiere%20mich%20f\u00fcr%20Ihre%20Beratungsleistungen%20und%20w\u00fcrde%20gerne%20mehr%20erfahren.%0D%0A%0D%0AMit%20freundlichen%20Gr\u00fcssen,%0D%0A[Ihr%20Name]\" style=\"background-color:#0175da\">Unverbindlich anfragen<\/a><\/div>\n<\/div>\n<\/div>\n\n\n\n<div style=\"height:150px\" aria-hidden=\"true\" class=\"wp-block-spacer\"><\/div>\n\n\n\n<div class=\"wp-block-group has-global-padding is-content-justification-center is-layout-constrained wp-block-group-is-layout-constrained\">\n<h2 class=\"wp-block-heading has-text-align-center\"><strong>Warum Feldhaus Consulting?<\/strong><\/h2>\n\n\n\n<div style=\"height:50px\" aria-hidden=\"true\" class=\"wp-block-spacer\"><\/div>\n\n\n\n<div class=\"wp-block-group is-content-justification-center is-nowrap is-layout-flex wp-container-core-group-is-layout-23441af8 wp-block-group-is-layout-flex\">\n<p class=\"has-medium-font-size wp-container-content-9dbf05af\">Hallo, ich bin Michael Feldhaus und unterst\u00fctze Unternehmen dabei, Strukturen zu schaffen, Strategien umzusetzen und Projekte erfolgreich zum Ziel zu f\u00fchren.<br><br>Seit \u00fcber 25 Jahren arbeite ich in der Industrie \u2013 in leitenden Funktionen und internationalen Projekten. Diese Erfahrung hat mir gezeigt, worauf es wirklich ankommt: Klarheit, Verantwortung und pragmatische L\u00f6sungen, die funktionieren.<br><br>Genau das ist der Ansatz, den ich mit <strong>Feldhaus Consulting<\/strong> verfolge \u2013 strategisch durchdacht, partnerschaftlich umgesetzt und immer mit Fokus auf nachhaltige Ergebnisse.<\/p>\n\n\n\n<figure class=\"wp-block-image size-full is-resized has-custom-border\"><img loading=\"lazy\" decoding=\"async\" width=\"800\" height=\"800\" src=\"https:\/\/feldhaus-consulting.ch\/wp-content\/uploads\/2025\/10\/1646247189742.jpg\" alt=\"\" class=\"wp-image-49\" style=\"border-radius:100px;aspect-ratio:1;object-fit:contain;width:200px\" srcset=\"https:\/\/feldhaus-consulting.ch\/wp-content\/uploads\/2025\/10\/1646247189742.jpg 800w, https:\/\/feldhaus-consulting.ch\/wp-content\/uploads\/2025\/10\/1646247189742-300x300.jpg 300w, https:\/\/feldhaus-consulting.ch\/wp-content\/uploads\/2025\/10\/1646247189742-150x150.jpg 150w, https:\/\/feldhaus-consulting.ch\/wp-content\/uploads\/2025\/10\/1646247189742-768x768.jpg 768w\" sizes=\"auto, (max-width: 800px) 100vw, 800px\" \/><\/figure>\n<\/div>\n<\/div>\n\n\n\n<div style=\"height:150px\" aria-hidden=\"true\" class=\"wp-block-spacer\"><\/div>\n\n\n\n<div class=\"wp-block-group has-global-padding is-layout-constrained wp-block-group-is-layout-constrained\">\n<h2 class=\"wp-block-heading has-text-align-center\"><strong>Lassen Sie uns sprechen!<\/strong><\/h2>\n\n\n\n<p class=\"has-medium-font-size\">Sie m\u00f6chten \u00fcber Ihr Projekt oder Ihre aktuelle Herausforderung sprechen?<br>Dann klicken Sie jetzt auf den folgenden Button und senden Sie uns eine Mail &#8211; ich werde mich pers\u00f6nlich bei Ihnen melden.<\/p>\n\n\n\n<div style=\"height:50px\" aria-hidden=\"true\" class=\"wp-block-spacer\"><\/div>\n\n\n\n<div class=\"wp-block-buttons is-content-justification-center is-layout-flex wp-container-core-buttons-is-layout-9d0ad828 wp-block-buttons-is-layout-flex\" style=\"padding-top:0;padding-bottom:0\">\n<div class=\"wp-block-button is-style-fill\"><a class=\"wp-block-button__link has-base-color has-text-color has-background has-link-color has-text-align-center wp-element-button\" href=\"mailto:info@feldhaus-consulting.ch?subject=Unverbindliche%20Anfrage&amp;body=Guten%20Tag%20Herr%20Feldhaus,%0D%0A%0D%0AIch%20interessiere%20mich%20f\u00fcr%20Ihre%20Beratungsleistungen%20und%20w\u00fcrde%20gerne%20mehr%20erfahren.%0D%0A%0D%0AMit%20freundlichen%20Gr\u00fcssen,%0D%0A[Ihr%20Name]\" style=\"background-color:#0175da\">Unverbindlich anfragen<\/a><\/div>\n<\/div>\n<\/div>\n","protected":false},"excerpt":{"rendered":"<p>Ihre Unternehmensberatung f\u00fcr Gesch\u00e4ftsentwicklung, F\u00fchrung &amp; Strategie. Feldhaus Consulting fokussiert sich auf KMUs und unterst\u00fctzt Sie bei Gesch\u00e4ftsentwicklungen, Strategie, Projektmanagement sowie Technologie- &amp; Produktentwicklung. Lassen Sie sich von unserem Leistungsportfolio \u00fcberzeugen. Unternehmen brauchenKlarheit und Struktur Viele KMU verlieren Zeit und Effizienz, weil Prozesse, Verantwortlichkeiten und Strategien unklar sind. Wir schaffen Ordnung, Strukturen und Orientierung \u2013 [&hellip;]<\/p>\n","protected":false},"author":1,"featured_media":0,"parent":0,"menu_order":0,"comment_status":"closed","ping_status":"closed","template":"","meta":{"footnotes":""},"class_list":["post-40","page","type-page","status-publish","hentry"],"_links":{"self":[{"href":"https:\/\/feldhaus-consulting.ch\/index.php?rest_route=\/wp\/v2\/pages\/40","targetHints":{"allow":["GET"]}}],"collection":[{"href":"https:\/\/feldhaus-consulting.ch\/index.php?rest_route=\/wp\/v2\/pages"}],"about":[{"href":"https:\/\/feldhaus-consulting.ch\/index.php?rest_route=\/wp\/v2\/types\/page"}],"author":[{"embeddable":true,"href":"https:\/\/feldhaus-consulting.ch\/index.php?rest_route=\/wp\/v2\/users\/1"}],"replies":[{"embeddable":true,"href":"https:\/\/feldhaus-consulting.ch\/index.php?rest_route=%2Fwp%2Fv2%2Fcomments&post=40"}],"version-history":[{"count":24,"href":"https:\/\/feldhaus-consulting.ch\/index.php?rest_route=\/wp\/v2\/pages\/40\/revisions"}],"predecessor-version":[{"id":102,"href":"https:\/\/feldhaus-consulting.ch\/index.php?rest_route=\/wp\/v2\/pages\/40\/revisions\/102"}],"wp:attachment":[{"href":"https:\/\/feldhaus-consulting.ch\/index.php?rest_route=%2Fwp%2Fv2%2Fmedia&parent=40"}],"curies":[{"name":"wp","href":"https:\/\/api.w.org\/{rel}","templated":true}]}}